{"id":2872,"date":"2023-07-10T10:57:43","date_gmt":"2023-07-10T08:57:43","guid":{"rendered":"https:\/\/chaska.fr\/legal-notice\/"},"modified":"2026-01-14T16:17:51","modified_gmt":"2026-01-14T15:17:51","slug":"legal-notice","status":"publish","type":"page","link":"https:\/\/chaska.fr\/en\/legal-notice\/","title":{"rendered":"Legal Notice"},"content":{"rendered":"<p>[et_pb_section fb_built=&#8221;1&#8243; fullwidth=&#8221;on&#8221; _builder_version=&#8221;4.16&#8243; global_colors_info=&#8221;{}&#8221;][et_pb_fullwidth_slider show_arrows=&#8221;off&#8221; show_pagination=&#8221;off&#8221; use_bg_overlay=&#8221;off&#8221; use_text_overlay=&#8221;off&#8221; arrows_custom_color=&#8221;#ffffff&#8221; dot_nav_custom_color=&#8221;#ffffff&#8221; _builder_version=&#8221;4.21.0&#8243; header_font=&#8221;Montserrat||||||||&#8221; header_text_color=&#8221;#ffffff&#8221; header_font_size=&#8221;18px&#8221; header_letter_spacing=&#8221;4px&#8221; body_font=&#8221;Montserrat|||on|||||&#8221; body_text_color=&#8221;#ffffff&#8221; body_font_size=&#8221;47px&#8221; body_letter_spacing=&#8221;10px&#8221; body_line_height=&#8221;1em&#8221; background_color=&#8221;rgba(0,0,0,0)&#8221; custom_button=&#8221;on&#8221; button_text_size=&#8221;12px&#8221; button_text_color=&#8221;#ffffff&#8221; button_bg_color=&#8221;rgba(0,0,0,0)&#8221; button_border_width=&#8221;1px&#8221; button_border_color=&#8221;#ffffff&#8221; button_border_radius=&#8221;0px&#8221; button_letter_spacing=&#8221;2px&#8221; button_font=&#8221;Montserrat|700|||||||&#8221; button_use_icon=&#8221;off&#8221; button_custom_margin=&#8221;60px||||false|false&#8221; button_custom_padding=&#8221;18px|43px|18px|43px|true|true&#8221; button_custom_padding_tablet=&#8221;&#8221; button_custom_padding_phone=&#8221;|20px||20px|true|true&#8221; button_custom_padding_last_edited=&#8221;on|phone&#8221; content_width=&#8221;96%&#8221; content_width_tablet=&#8221;90%&#8221; content_width_phone=&#8221;90%&#8221; content_width_last_edited=&#8221;on|phone&#8221; content_max_width=&#8221;1400px&#8221; content_max_width_tablet=&#8221;90%&#8221; content_max_width_phone=&#8221;90%&#8221; content_max_width_last_edited=&#8221;on|tablet&#8221; custom_padding=&#8221;28%||28%||true|false&#8221; animation_style=&#8221;fade&#8221; header_font_size_tablet=&#8221;&#8221; header_font_size_phone=&#8221;14px&#8221; header_font_size_last_edited=&#8221;on|phone&#8221; body_font_size_tablet=&#8221;&#8221; body_font_size_phone=&#8221;25px&#8221; body_font_size_last_edited=&#8221;on|phone&#8221; body_letter_spacing_tablet=&#8221;&#8221; body_letter_spacing_phone=&#8221;5px&#8221; body_letter_spacing_last_edited=&#8221;on|phone&#8221; body_line_height_tablet=&#8221;&#8221; body_line_height_phone=&#8221;1.2em&#8221; body_line_height_last_edited=&#8221;on|phone&#8221; header_text_shadow_style=&#8221;preset5&#8243; header_text_shadow_color=&#8221;rgba(0,0,0,0)&#8221; body_text_shadow_style=&#8221;preset5&#8243; body_text_shadow_color=&#8221;rgba(0,0,0,0)&#8221; global_colors_info=&#8221;{}&#8221; button_text_color__hover_enabled=&#8221;on|hover&#8221; button_text_color__hover=&#8221;#000000&#8243; button_bg_color__hover_enabled=&#8221;on|hover&#8221; button_bg_color__hover=&#8221;#ffffff&#8221; button_bg_enable_color__hover=&#8221;on&#8221; button_letter_spacing__hover_enabled=&#8221;on|desktop&#8221; button_letter_spacing__hover=&#8221;2px&#8221;][et_pb_slide heading=&#8221;Le Baby Alpaga \u00e9thique&#8221; _builder_version=&#8221;4.21.0&#8243; background_color=&#8221;rgba(0,0,0,0)&#8221; background_enable_color=&#8221;on&#8221; background_image=&#8221;https:\/\/chaska.fr\/wp-content\/uploads\/2023\/07\/bandeau-CGV-chaska-paris-baby-alpaga.jpg&#8221; background_enable_image=&#8221;on&#8221; global_colors_info=&#8221;{}&#8221; sticky_transition=&#8221;on&#8221;]<\/p>\n<p>Chaska Paris<\/p>\n<p>[\/et_pb_slide][\/et_pb_fullwidth_slider][\/et_pb_section][et_pb_section fb_built=&#8221;1&#8243; disabled_on=&#8221;on|off|off&#8221; _builder_version=&#8221;4.27.4&#8243; background_color=&#8221;RGBA(255,255,255,0)&#8221; use_background_color_gradient=&#8221;on&#8221; background_color_gradient_type=&#8221;circular&#8221; background_color_gradient_stops=&#8221;#ffffff 0%|#ffffff 37%|rgba(255,255,255,0.68) 100%&#8221; custom_padding=&#8221;0px||0px||false|false&#8221; sticky_position=&#8221;top&#8221; saved_tabs=&#8221;all&#8221; collapsed=&#8221;off&#8221; global_colors_info=&#8221;{}&#8221; global_module=&#8221;6607&#8243; theme_builder_area=&#8221;post_content&#8221;][et_pb_row use_custom_gutter=&#8221;on&#8221; gutter_width=&#8221;2&#8243; make_equal=&#8221;on&#8221; _builder_version=&#8221;4.21.0&#8243; width=&#8221;96%&#8221; width_tablet=&#8221;90%&#8221; width_phone=&#8221;90%&#8221; width_last_edited=&#8221;on|phone&#8221; max_width=&#8221;1400px&#8221; max_width_tablet=&#8221;90%&#8221; max_width_phone=&#8221;90%&#8221; max_width_last_edited=&#8221;on|desktop&#8221; custom_margin=&#8221;0px||0px||false|false&#8221; custom_padding=&#8221;15px||10px||false|false&#8221; global_colors_info=&#8221;{}&#8221; theme_builder_area=&#8221;post_content&#8221;][et_pb_column type=&#8221;4_4&#8243; _builder_version=&#8221;4.16&#8243; global_colors_info=&#8221;{}&#8221; theme_builder_area=&#8221;post_content&#8221;][et_pb_image src=&#8221;https:\/\/chaska.fr\/wp-content\/uploads\/2023\/05\/Chaska-logo-300px.png&#8221; title_text=&#8221;Chaska-logo-300px&#8221; url=&#8221;@ET-DC@eyJkeW5hbWljIjp0cnVlLCJjb250ZW50IjoicG9zdF9saW5rX3VybF9wYWdlIiwic2V0dGluZ3MiOnsicG9zdF9pZCI6IjkxIn19@&#8221; align=&#8221;center&#8221; disabled_on=&#8221;on|off|off&#8221; _builder_version=&#8221;4.27.4&#8243; _dynamic_attributes=&#8221;url&#8221; _module_preset=&#8221;default&#8221; width=&#8221;8%&#8221; width_tablet=&#8221;33%&#8221; width_phone=&#8221;25%&#8221; width_last_edited=&#8221;on|tablet&#8221; global_colors_info=&#8221;{}&#8221; theme_builder_area=&#8221;post_content&#8221;][\/et_pb_image][et_pb_divider divider_weight=&#8221;1px&#8221; disabled_on=&#8221;on|off|off&#8221; _builder_version=&#8221;4.27.4&#8243; max_width=&#8221;70px&#8221; module_alignment=&#8221;center&#8221; custom_margin=&#8221;-14px||-23px||false|false&#8221; custom_margin_tablet=&#8221;-20px||||false|false&#8221; custom_margin_phone=&#8221;-20px||-20px||false|false&#8221; custom_margin_last_edited=&#8221;on|phone&#8221; animation_style=&#8221;fade&#8221; animation_delay=&#8221;250ms&#8221; global_colors_info=&#8221;{}&#8221; theme_builder_area=&#8221;post_content&#8221;][\/et_pb_divider][et_pb_menu menu_id=&#8221;4&#8243; menu_style=&#8221;centered&#8221; active_link_color=&#8221;#d0c0b3&#8243; dropdown_menu_bg_color=&#8221;#FFFFFF&#8221; dropdown_menu_line_color=&#8221;#000000&#8243; dropdown_menu_text_color=&#8221;#000000&#8243; dropdown_menu_active_link_color=&#8221;#d0c0b3&#8243; mobile_menu_bg_color=&#8221;#FFFFFF&#8221; mobile_menu_text_color=&#8221;#000000&#8243; logo_width=&#8221;10%&#8221; disabled_on=&#8221;on|on|off&#8221; _builder_version=&#8221;4.27.4&#8243; _module_preset=&#8221;default&#8221; menu_font=&#8221;Montserrat|600||on|||||&#8221; menu_text_color=&#8221;#000000&#8243; menu_letter_spacing=&#8221;1px&#8221; background_color=&#8221;RGBA(255,255,255,0)&#8221; custom_margin=&#8221;0px||0px||false|false&#8221; custom_padding=&#8221;0px||0px||false|false&#8221; dropdown_menu_animation=&#8221;expand&#8221; global_colors_info=&#8221;{}&#8221; theme_builder_area=&#8221;post_content&#8221;][\/et_pb_menu][\/et_pb_column][\/et_pb_row][\/et_pb_section][et_pb_section fb_built=&#8221;1&#8243; _builder_version=&#8221;4.16&#8243; custom_padding=&#8221;||0px|||&#8221; global_colors_info=&#8221;{}&#8221;][et_pb_row use_custom_gutter=&#8221;on&#8221; gutter_width=&#8221;2&#8243; _builder_version=&#8221;4.21.0&#8243; width=&#8221;100%&#8221; max_width=&#8221;1400px&#8221; custom_padding=&#8221;0px||37px|||&#8221; global_colors_info=&#8221;{}&#8221;][et_pb_column type=&#8221;4_4&#8243; _builder_version=&#8221;4.21.0&#8243; background_enable_image=&#8221;off&#8221; global_colors_info=&#8221;{}&#8221;][et_pb_text _builder_version=&#8221;4.21.0&#8243; header_2_font=&#8221;Montserrat|600|||||||&#8221; header_2_text_align=&#8221;center&#8221; header_2_text_color=&#8221;#000000&#8243; header_2_font_size=&#8221;25px&#8221; header_2_letter_spacing=&#8221;4px&#8221; animation_style=&#8221;fade&#8221; animation_delay=&#8221;250ms&#8221; header_2_font_size_tablet=&#8221;&#8221; header_2_font_size_phone=&#8221;18px&#8221; header_2_font_size_last_edited=&#8221;on|phone&#8221; global_colors_info=&#8221;{}&#8221;]<\/p>\n<h2>Legal Notice<\/h2>\n<p>[\/et_pb_text][et_pb_divider divider_weight=&#8221;1px&#8221; _builder_version=&#8221;4.21.0&#8243; max_width=&#8221;100px&#8221; module_alignment=&#8221;center&#8221; custom_margin=&#8221;-18px||||false|false&#8221; custom_margin_tablet=&#8221;-28px||||false|false&#8221; custom_margin_phone=&#8221;-28px||||false|false&#8221; custom_margin_last_edited=&#8221;on|phone&#8221; animation_style=&#8221;fade&#8221; animation_delay=&#8221;250ms&#8221; global_colors_info=&#8221;{}&#8221;][\/et_pb_divider][et_pb_text _builder_version=&#8221;4.21.0&#8243; _module_preset=&#8221;default&#8221; header_2_font=&#8221;Montserrat|600|||||||&#8221; header_2_font_size=&#8221;16px&#8221; global_colors_info=&#8221;{}&#8221;]<\/p>\n<h2>Propri\u00e9taire et \u00e9diteur du Site<\/h2>\n<p>SAS au capital de 2000 euros, inscrite au RCS de Nanterre n\u00b0 : 850 684 770<br \/>Code APE : 4751Z<br \/>TVA intracommunautaire N\u00b0 : FR 36 850684770<br \/>Si\u00e8ge Social : 2 avenue du g\u00e9n\u00e9ral de Gaulle 92250 La Garenne Colombe<br \/>Responsable de la publication : David COLOMBA<br \/>Adresse e-mail : david@Chaska.fr<br \/>Marque d\u00e9pos\u00e9e et exploit\u00e9e : CHA\u2019SKA<br \/>H\u00e9bergeur : OVH<\/p>\n<h2>Informations techniques<\/h2>\n<p>Il est rappel\u00e9 que le secret des correspondances n\u2019est pas garanti sur le r\u00e9seau Internet et qu\u2019il appartient \u00e0 chaque utilisateur d\u2019Internet de prendre toutes les mesures appropri\u00e9es de fa\u00e7on \u00e0 prot\u00e9ger ses propres donn\u00e9es et\/ou logiciels de la contamination d\u2019\u00e9ventuels virus circulant sur Internet.<\/p>\n<h2>Liens hypertextes et cookies<\/h2>\n<p>La cr\u00e9ation de liens hypertextes vers le site www.chaska.Fr est soumise \u00e0 l\u2019accord pr\u00e9alable du responsable de publication de CHA\u2019SKA SASU. Les liens hypertextes \u00e9tablis en direction d\u2019autres sites \u00e0 partir du site www.chaska.fr ne sauraient, en aucun cas, engager la responsabilit\u00e9 de la directrice de publication.<br \/>La navigation sur le site www.chaska.fr est susceptible de provoquer l\u2019installation de cookie(s) sur l\u2019ordinateur de l\u2019utilisateur, ce dont l\u2019utilisateur est inform\u00e9 en arrivant sur le site internet. Les cookies sont des fichiers de petite taille qui permettent d\u2019enregistrer des informations relatives \u00e0 la navigation de l\u2019ordinateur, tablette, t\u00e9l\u00e9phone, sur le site internet. Ces cookies ne sont install\u00e9s qu\u2019apr\u00e8s acceptation par l\u2019utilisateur, la poursuite de la navigation sur le site internet valant acceptation. L\u2019utilisateur peut s\u2019opposer \u00e0 l\u2019utilisation de ces cookies en param\u00e9trant son navigateur, sachant que l\u2019acc\u00e8s \u00e0 certains services peut n\u00e9cessiter l\u2019acceptation pr\u00e9alable par l\u2019utilisateur des cookies.<\/p>\n<h2>Propri\u00e9t\u00e9 intellectuelle et contrefa\u00e7ons<\/h2>\n<p>CHA\u2019SKA SASU est propri\u00e9taire des droits de propri\u00e9t\u00e9 intellectuelle ou d\u00e9tient les droits d\u2019usage sur tous les \u00e9l\u00e9ments accessibles sur le site www.chaska.fr, notamment les textes, images, graphismes, logo, ic\u00f4nes, sons, logiciels.<br \/>Toute reproduction, repr\u00e9sentation, modification, publication, exploitation, adaptation de tout ou partie des \u00e9l\u00e9ments du site, quel que soit le moyen ou le proc\u00e9d\u00e9 utilis\u00e9, est interdite et sera consid\u00e9r\u00e9e comme constitutive d\u2019une contrefa\u00e7on au sens des dispositions du Code de Propri\u00e9t\u00e9 Intellectuelle, sauf autorisation \u00e9crite pr\u00e9alable de: CHA\u2019SKA SASU.<\/p>\n<h2>Donn\u00e9es personnelles<\/h2>\n<p>Toutes les informations de votre compte ne sont utilis\u00e9es que dans le cadre de votre relation commerciale avec www.chaska.fr. Ces informations ne sont jamais partag\u00e9es avec des tiers ou revendues. Celles-ci restent confidentielles.<br \/>Elles ne seront utilis\u00e9es par nos services que pour le traitement de votre commande, renforcer et personnaliser la communication, les offres de produits r\u00e9serv\u00e9es aux clients de CHA\u2019SKA.<br \/>En cons\u00e9quence, conform\u00e9ment aux dispositions de la loi 78-17 du 6 janvier 1978 relative \u00e0 l\u2019informatique, aux fichiers et aux libert\u00e9s, vous disposez d\u2019un droit d\u2019acc\u00e8s, de rectification et d\u2019opposition aux donn\u00e9es personnelles vous concernant, en effectuant votre demande \u00e9crite accompagn\u00e9e d\u2019une copie de votre titre d\u2019identit\u00e9 avec signature par email \u00e0 l\u2019adresse david@chaska.fr, ou par courrier, en indiquant si possible votre r\u00e9f\u00e9rence client \u00e0 : SASU CHA\u2019SKA \u2013 2 avenue du g\u00e9n\u00e9ral de gaulle, 92250 La Garenne-Colombes<\/p>\n<p>Vos informations bancaires et carte de paiement ne sont jamais en notre possession. Les transactions sont enti\u00e8rement trait\u00e9es par le module de paiement s\u00e9curis\u00e9 de notre partenaire Stripe.<\/p>\n<h2>Limitations contractuelles sur les donn\u00e9es techniques<\/h2>\n<p>Le site utilise la technologie JavaScript.<br \/>Le site Internet ne pourra \u00eatre tenu responsable de dommages mat\u00e9riels li\u00e9s \u00e0 l\u2019utilisation du site. De plus, l\u2019utilisateur du site s\u2019engage \u00e0 acc\u00e9der au site en utilisant un mat\u00e9riel r\u00e9cent, ne contenant pas de virus et avec un navigateur de derni\u00e8re g\u00e9n\u00e9ration mis-\u00e0-jour.<\/p>\n<h2>Limitations de responsabilit\u00e9<\/h2>\n<p>Toutes les informations indiqu\u00e9es sur le site www.chaska.fr sont donn\u00e9es \u00e0 titre indicatif, et sont susceptibles d\u2019\u00e9voluer, et d\u2019\u00eatre actualis\u00e9es, modifi\u00e9es, corrig\u00e9es. Par ailleurs, les renseignements figurant sur le site www.chaska.fr ne sont pas exhaustifs. Ils sont donn\u00e9s sous r\u00e9serve de modifications ayant \u00e9t\u00e9 apport\u00e9es depuis leur mise en ligne.<\/p>\n<p>CHA\u2019SKA SASU ne pourra \u00eatre tenue responsable des omissions, des inexactitudes et des carences dans la mise \u00e0 jour, qu\u2019elles soient de son fait ou du fait des tiers partenaires qui lui fournissent ces informations.<\/p>\n<p>CHA\u2019SKA SASU ne pourra \u00eatre tenue responsable des dommages directs et indirects caus\u00e9s au mat\u00e9riel de l\u2019utilisateur, lors de l\u2019acc\u00e8s au site CHA\u2019SKA SASU.<\/p>\n<p>Des espaces interactifs (possibilit\u00e9 de poser des questions dans l\u2019espace contact) sont \u00e0 la disposition des utilisateurs. CHA\u2019SKA SASU se r\u00e9serve le droit de supprimer, sans mise en demeure pr\u00e9alable, tout contenu d\u00e9pos\u00e9 dans cet espace qui contreviendrait \u00e0 la l\u00e9gislation applicable en France.<\/p>\n<h2>Droit applicable et attribution de juridiction<\/h2>\n<p>Tout litige en relation avec l\u2019utilisation du site www.chaska.fr est soumis au droit fran\u00e7ais. Il est fait attribution exclusive de juridiction aux tribunaux comp\u00e9tents de Nanterre.<\/p>\n<h2>Cr\u00e9dits<\/h2>\n<p>Photos : <a href=\"https:\/\/www.sebastienbillant.fr\/\" target=\"_blank\" rel=\"noopener nofollow\">S\u00e9bastien Billant<\/a> et David Colomba<\/p>\n<p>[\/et_pb_text][\/et_pb_column][\/et_pb_row][\/et_pb_section]<\/p>\n","protected":false},"excerpt":{"rendered":"<p>Chaska ParisLegal NoticePropri\u00e9taire et \u00e9diteur du Site SAS au capital de 2000 euros, inscrite au RCS de Nanterre n\u00b0 : 850 684 770Code APE : 4751ZTVA intracommunautaire N\u00b0 : FR 36 850684770Si\u00e8ge Social : 2 avenue du g\u00e9n\u00e9ral de Gaulle 92250 La Garenne ColombeResponsable de la publication : David COLOMBAAdresse e-mail : david@Chaska.frMarque d\u00e9pos\u00e9e et [&hellip;]<\/p>\n","protected":false},"author":1,"featured_media":0,"parent":0,"menu_order":0,"comment_status":"closed","ping_status":"closed","template":"","meta":{"_et_pb_use_builder":"on","_et_pb_old_content":"","_et_gb_content_width":"","footnotes":""},"class_list":["post-2872","page","type-page","status-publish","hentry"],"_links":{"self":[{"href":"https:\/\/chaska.fr\/en\/wp-json\/wp\/v2\/pages\/2872","targetHints":{"allow":["GET"]}}],"collection":[{"href":"https:\/\/chaska.fr\/en\/wp-json\/wp\/v2\/pages"}],"about":[{"href":"https:\/\/chaska.fr\/en\/wp-json\/wp\/v2\/types\/page"}],"author":[{"embeddable":true,"href":"https:\/\/chaska.fr\/en\/wp-json\/wp\/v2\/users\/1"}],"replies":[{"embeddable":true,"href":"https:\/\/chaska.fr\/en\/wp-json\/wp\/v2\/comments?post=2872"}],"version-history":[{"count":17,"href":"https:\/\/chaska.fr\/en\/wp-json\/wp\/v2\/pages\/2872\/revisions"}],"predecessor-version":[{"id":6613,"href":"https:\/\/chaska.fr\/en\/wp-json\/wp\/v2\/pages\/2872\/revisions\/6613"}],"wp:attachment":[{"href":"https:\/\/chaska.fr\/en\/wp-json\/wp\/v2\/media?parent=2872"}],"curies":[{"name":"wp","href":"https:\/\/api.w.org\/{rel}","templated":true}]}}